{"id":57,"date":"2022-03-14T00:49:32","date_gmt":"2022-03-13T21:49:32","guid":{"rendered":"https:\/\/www.isapur.com\/de\/?page_id=57"},"modified":"2022-03-19T12:13:40","modified_gmt":"2022-03-19T09:13:40","slug":"drucken-uund-schneiden","status":"publish","type":"page","link":"https:\/\/www.isapur.com\/de\/drucken-uund-schneiden\/","title":{"rendered":"DRUCKEN UND SCHNEIDEN"},"content":{"rendered":"<section class=\"wpb-content-wrapper\"><p>[vc_row full_width=&#8221;stretch_row&#8221; tlg_background_style=&#8221;bg-secondary&#8221;][vc_column][\/vc_column][\/vc_row][vc_row full_width=&#8221;stretch_row&#8221; disable_element=&#8221;yes&#8221; tlg_background_style=&#8221;bg-secondary&#8221;][vc_column]<div class=\"relative pt120 pb120 image-box-center vertical-flex  \"><div class=\"background-content\"><img decoding=\"async\" src=\"https:\/\/www.isapur.com\/de\/wp-content\/plugins\/tlg_framework\/assets\/img\/placeholder.png\"><\/div>\n\t\t\t\t\t\t\t<div class=\"container vertical-flex-column\">\n\t\t\t\t\t\t\t\t<div class=\"row\">\n\t\t\t\t\t\t\t\t\t<div class=\"col-sm-12 text-center\">\n\t\t\t\t\t        \t\t\t<div class=\"box-center-caption\">\n\t\t\t\t\t\t\t\t\t\t\t<div class=\"box-center-caption-border\"><\/div>\n\t\t\t\t\t\t\t\t\t\t\t<div class=\"md-valign relative\">\n\t\t\t\t\t\t\t\t\t\t\t\t<div class=\"box-center-caption-inner\"><h5  class=\"widgettitle mb8\">\u0130sapur Tan\u0131t\u0131m Filmimiz<\/h5><div class=\"primary-line\"><\/div><div class=\"intro-content-content\"><p>Analysis of your customers is key in responding to your promotional needs.<\/p>\n<\/div><a  id=\"btn-69d0b57e812e0\" class=\"btn btn-filled btn-new ti-arrow-right     text-center mr-0 mb0 mt24\" href= \"https:\/\/www.youtube.com\/watch?v=exy45hGczzY\" target=\"_self\" >\u0130zle<\/a><\/div>\n\t\t\t\t\t\t\t\t\t\t\t<\/div>\n\t\t\t\t\t\t\t\t\t\t<\/div>\n\t\t\t\t\t\t\t\t\t<\/div>\n\t\t\t\t\t\t\t\t<\/div>\n\t\t\t\t\t\t\t<\/div>\n\t\t\t\t\t\t<\/div>[\/vc_column][\/vc_row][vc_row][vc_column width=&#8221;1\/2&#8243;][vc_single_image image=&#8221;125&#8243; img_size=&#8221;500px&#8221;][\/vc_column][vc_column width=&#8221;1\/2&#8243;]<div class=\"headings-title \"><div class=\"mb70 mb-xs-40 text-left\"><h5  class=\"widgettitle\">Unsere Druckabteilung, die letzte Stufe des Produktionsprozesses<\/h5><div class=\"divider-wrap\"><div class=\"tlg-divider \" style=\"\"><\/div><\/div><\/div><\/div>[vc_column_text]<\/p>\n<h4>Unsere Gewebe werden in Schneidemaschinen in den gew\u00fcnschten Ma\u00dfen und Eigenschaften (gerade Schnitt, Wellenschnitt) geschnitten.<\/h4>\n<h4>Wir haben eine Stanzmaschine f\u00fcr die Plattenl\u00f6cher unserer Q-Bag-S\u00e4cke<\/h4>\n<h4>In unserer Druckabteilung k\u00f6nnen unsere Stoffe optional im Flexodruckverfahren bis zu 4 verschiedenen Farben gedruckt werden.<\/h4>\n<p>[\/vc_column_text][\/vc_column][\/vc_row]<\/p>\n<\/section>","protected":false},"excerpt":{"rendered":"<p>[vc_row full_width=&#8221;stretch_row&#8221; tlg_background_style=&#8221;bg-secondary&#8221;][vc_column][\/vc_column][\/vc_row][vc_row full_width=&#8221;stretch_row&#8221; disable_element=&#8221;yes&#8221; tlg_background_style=&#8221;bg-secondary&#8221;][vc_column][\/vc_column][\/vc_row][vc_row][vc_column width=&#8221;1\/2&#8243;][vc_single_image image=&#8221;125&#8243; img_size=&#8221;500px&#8221;][\/vc_column][vc_column width=&#8221;1\/2&#8243;][vc_column_text] Unsere Gewebe werden in Schneidemaschinen in den gew\u00fcnschten Ma\u00dfen und Eigenschaften (gerade Schnitt, Wellenschnitt) geschnitten. Wir haben eine Stanzmaschine f\u00fcr die Plattenl\u00f6cher unserer Q-Bag-S\u00e4cke In unserer Druckabteilung k\u00f6nnen unsere Stoffe optional im Flexodruckverfahren bis zu 4 verschiedenen Farben gedruckt werden. [\/vc_column_text][\/vc_column][\/vc_row]<\/p>\n","protected":false},"author":1,"featured_media":0,"parent":0,"menu_order":0,"comment_status":"closed","ping_status":"closed","template":"","meta":{"footnotes":""},"class_list":["post-57","page","type-page","status-publish","hentry"],"_links":{"self":[{"href":"https:\/\/www.isapur.com\/de\/wp-json\/wp\/v2\/pages\/57","targetHints":{"allow":["GET"]}}],"collection":[{"href":"https:\/\/www.isapur.com\/de\/wp-json\/wp\/v2\/pages"}],"about":[{"href":"https:\/\/www.isapur.com\/de\/wp-json\/wp\/v2\/types\/page"}],"author":[{"embeddable":true,"href":"https:\/\/www.isapur.com\/de\/wp-json\/wp\/v2\/users\/1"}],"replies":[{"embeddable":true,"href":"https:\/\/www.isapur.com\/de\/wp-json\/wp\/v2\/comments?post=57"}],"version-history":[{"count":5,"href":"https:\/\/www.isapur.com\/de\/wp-json\/wp\/v2\/pages\/57\/revisions"}],"predecessor-version":[{"id":226,"href":"https:\/\/www.isapur.com\/de\/wp-json\/wp\/v2\/pages\/57\/revisions\/226"}],"wp:attachment":[{"href":"https:\/\/www.isapur.com\/de\/wp-json\/wp\/v2\/media?parent=57"}],"curies":[{"name":"wp","href":"https:\/\/api.w.org\/{rel}","templated":true}]}}