{"id":55,"date":"2022-03-14T00:47:53","date_gmt":"2022-03-13T21:47:53","guid":{"rendered":"https:\/\/www.isapur.com\/de\/?page_id=55"},"modified":"2022-03-19T14:20:36","modified_gmt":"2022-03-19T11:20:36","slug":"beschichtung-abteilung","status":"publish","type":"page","link":"https:\/\/www.isapur.com\/de\/beschichtung-abteilung\/","title":{"rendered":"Beschichtung Abteilung"},"content":{"rendered":"<section class=\"wpb-content-wrapper\"><p>[vc_row full_width=&#8221;stretch_row&#8221; tlg_background_style=&#8221;bg-secondary&#8221;][vc_column][\/vc_column][\/vc_row][vc_row][vc_column width=&#8221;1\/2&#8243;][vc_single_image image=&#8221;117&#8243; img_size=&#8221;500px&#8221;][\/vc_column][vc_column width=&#8221;1\/2&#8243;]<div class=\"headings-title \"><div class=\"mb70 mb-xs-40 text-left\"><h5  class=\"widgettitle\">Unsere Laminierabteilung ist die vierte Stufe des Produktionsprozesses<\/h5><div class=\"divider-wrap\"><div class=\"tlg-divider \" style=\"\"><\/div><\/div><\/div><\/div>[vc_column_text]<\/p>\n<h4>Durch das Weben geeigneter Garne in Rundwebmaschinen, in unserem Werk, k\u00f6nnen Gewebe in gew\u00fcnschten Gr\u00f6\u00dfen, Gewichten und Eigenschaften (Standard, leitf\u00e4hig, Ventil usw.) hergestellt werden. Es wird eine breite Palette von Stoffen im Bereich von 2*30cm &#8211; 2*210cm in Stoffbreiten und 60gr &#8211; 220gr Gewicht hergestellt.<\/h4>\n<p>[\/vc_column_text][\/vc_column][\/vc_row][vc_row full_width=&#8221;stretch_row&#8221; disable_element=&#8221;yes&#8221; tlg_background_style=&#8221;bg-secondary&#8221;][vc_column]<div class=\"relative pt120 pb120 image-box-center vertical-flex  \"><div class=\"background-content\"><img decoding=\"async\" src=\"https:\/\/www.isapur.com\/de\/wp-content\/plugins\/tlg_framework\/assets\/img\/placeholder.png\"><\/div>\n\t\t\t\t\t\t\t<div class=\"container vertical-flex-column\">\n\t\t\t\t\t\t\t\t<div class=\"row\">\n\t\t\t\t\t\t\t\t\t<div class=\"col-sm-12 text-center\">\n\t\t\t\t\t        \t\t\t<div class=\"box-center-caption\">\n\t\t\t\t\t\t\t\t\t\t\t<div class=\"box-center-caption-border\"><\/div>\n\t\t\t\t\t\t\t\t\t\t\t<div class=\"md-valign relative\">\n\t\t\t\t\t\t\t\t\t\t\t\t<div class=\"box-center-caption-inner\"><h5  class=\"widgettitle mb8\">\u0130sapur Tan\u0131t\u0131m Filmimiz<\/h5><div class=\"primary-line\"><\/div><div class=\"intro-content-content\"><p>Analysis of your customers is key in responding to your promotional needs.<\/p>\n<\/div><a  id=\"btn-69d0b7ffd96b3\" class=\"btn btn-filled btn-new ti-arrow-right     text-center mr-0 mb0 mt24\" href= \"https:\/\/www.youtube.com\/watch?v=exy45hGczzY\" target=\"_self\" >\u0130zle<\/a><\/div>\n\t\t\t\t\t\t\t\t\t\t\t<\/div>\n\t\t\t\t\t\t\t\t\t\t<\/div>\n\t\t\t\t\t\t\t\t\t<\/div>\n\t\t\t\t\t\t\t\t<\/div>\n\t\t\t\t\t\t\t<\/div>\n\t\t\t\t\t\t<\/div>[\/vc_column][\/vc_row]<\/p>\n<\/section>","protected":false},"excerpt":{"rendered":"<p>[vc_row full_width=&#8221;stretch_row&#8221; tlg_background_style=&#8221;bg-secondary&#8221;][vc_column][\/vc_column][\/vc_row][vc_row][vc_column width=&#8221;1\/2&#8243;][vc_single_image image=&#8221;117&#8243; img_size=&#8221;500px&#8221;][\/vc_column][vc_column width=&#8221;1\/2&#8243;][vc_column_text] Durch das Weben geeigneter Garne in Rundwebmaschinen, in unserem Werk, k\u00f6nnen Gewebe in gew\u00fcnschten Gr\u00f6\u00dfen, Gewichten und Eigenschaften (Standard, leitf\u00e4hig, Ventil usw.) hergestellt werden. Es wird eine breite Palette von Stoffen im Bereich von 2*30cm &#8211; 2*210cm in Stoffbreiten und 60gr &#8211; 220gr Gewicht hergestellt. [\/vc_column_text][\/vc_column][\/vc_row][vc_row full_width=&#8221;stretch_row&#8221; disable_element=&#8221;yes&#8221;&#8230;<\/p>\n","protected":false},"author":1,"featured_media":247,"parent":0,"menu_order":0,"comment_status":"closed","ping_status":"closed","template":"","meta":{"footnotes":""},"class_list":["post-55","page","type-page","status-publish","has-post-thumbnail","hentry"],"_links":{"self":[{"href":"https:\/\/www.isapur.com\/de\/wp-json\/wp\/v2\/pages\/55","targetHints":{"allow":["GET"]}}],"collection":[{"href":"https:\/\/www.isapur.com\/de\/wp-json\/wp\/v2\/pages"}],"about":[{"href":"https:\/\/www.isapur.com\/de\/wp-json\/wp\/v2\/types\/page"}],"author":[{"embeddable":true,"href":"https:\/\/www.isapur.com\/de\/wp-json\/wp\/v2\/users\/1"}],"replies":[{"embeddable":true,"href":"https:\/\/www.isapur.com\/de\/wp-json\/wp\/v2\/comments?post=55"}],"version-history":[{"count":14,"href":"https:\/\/www.isapur.com\/de\/wp-json\/wp\/v2\/pages\/55\/revisions"}],"predecessor-version":[{"id":248,"href":"https:\/\/www.isapur.com\/de\/wp-json\/wp\/v2\/pages\/55\/revisions\/248"}],"wp:featuredmedia":[{"embeddable":true,"href":"https:\/\/www.isapur.com\/de\/wp-json\/wp\/v2\/media\/247"}],"wp:attachment":[{"href":"https:\/\/www.isapur.com\/de\/wp-json\/wp\/v2\/media?parent=55"}],"curies":[{"name":"wp","href":"https:\/\/api.w.org\/{rel}","templated":true}]}}