{"id":49,"date":"2022-03-14T00:23:30","date_gmt":"2022-03-13T21:23:30","guid":{"rendered":"https:\/\/www.isapur.com\/de\/?page_id=49"},"modified":"2022-03-14T16:45:41","modified_gmt":"2022-03-14T13:45:41","slug":"webabteilung","status":"publish","type":"page","link":"https:\/\/www.isapur.com\/de\/webabteilung\/","title":{"rendered":"Webabteilung"},"content":{"rendered":"<section class=\"wpb-content-wrapper\"><p>[vc_row full_width=&#8221;stretch_row&#8221; tlg_background_style=&#8221;bg-secondary&#8221;][vc_column][\/vc_column][\/vc_row][vc_row][vc_column width=&#8221;1\/2&#8243;][vc_single_image image=&#8221;109&#8243; img_size=&#8221;500px&#8221;][\/vc_column][vc_column width=&#8221;1\/2&#8243;]<div class=\"headings-title \"><div class=\"mb70 mb-xs-40 text-left\"><h5  class=\"widgettitle\">Unsere Weberei ist die zweite Stufe des Produktionsprozesses<\/h5><div class=\"divider-wrap\"><div class=\"tlg-divider \" style=\"\"><\/div><\/div><\/div><\/div>[vc_column_text]<\/p>\n<h4>In Schmalwebmaschinen werden in unserem Werk passende Garne zu unterschiedlichsten Produkten wie Schlaufen-, Bindeband, Band-Netz panellen-, und Naht Abdichtung verwebt. Je nach Kundenwunsch werden Produkte mit gew\u00fcnschten Eigenschaften (Farbe, Festigkeit, Mono-\/Multifilament etc.) erhalten.<\/h4>\n<p>[\/vc_column_text][\/vc_column][\/vc_row][vc_row disable_element=&#8221;yes&#8221;][vc_column css_animation=&#8221;bottom-to-top&#8221; width=&#8221;1\/2&#8243; css=&#8221;.vc_custom_1564593145407{padding-right: 12% !important;}&#8221;]<div class=\"headings-title \"><div class=\"mb16 mb-xs-40 text-left\"><h5  class=\"widgettitle\">\u0130sapur sekt\u00f6r\u00fcn \u00f6nc\u00fc kurulu\u015fu<\/h5><div class=\"divider-wrap\"><div class=\"tlg-divider \" style=\"\"><\/div><\/div><\/div><\/div>[vc_column_text]<\/p>\n<div class=\"wpb_text_column wpb_content_element \">\n<div class=\"wpb_wrapper\">\n<p>ISAPUR ailesi olarak temel ilkemiz, d\u00fcnya pazar\u0131na kesintisiz \u201cM\u00dc\u015eTER\u0130 MEMNUN\u0130YET\u0130\u201d sa\u011flayacak \u201cY\u00dcKSEK KAL\u0130TE\u201d \u00fcr\u00fcnleri sunmakt\u0131r.<\/p><\/div>\n<\/div>\n<p>[\/vc_column_text]<div class=\"tlg-spacer  \" data-height=\"15\" data-height-tablet=\"15\" data-height-mobile=\"15\" style=\"clear:both;display:block;height:15px;\"><\/div><div id=\"iconbox-69d0b4584896e\" class=\" primary-color-icon  \"><div class=\"icon-link\"><div class=\"display-table mb-xs-24 text-left\">\n\t\t\t\t    \t\t<div class=\"display-cell vertical-top mb-xs-24\"><i  class=\"ti-light-bulb  inline-block mr-30 icon-text icon-lg\"><\/i><\/div>\n\t\t\t\t    \t\t<div class=\"display-cell\"><h5  class=\"widgettitle \">S\u00fcrd\u00fcr\u00fclebilir en Y\u00fcksek Kalite!<\/h5><div  class=\"icon-content\"><\/p>\n<div id=\"iconbox-60e850686049c\" class=\" primary-color-icon \">\n<div class=\"icon-link\">\n<div class=\"display-table mb-xs-24 text-left\">\n<div class=\"display-cell\">\n<div class=\"icon-content\">\n<p>Faaliyetlerinde ekonomik \u00f6l\u00e7eklerine \u00f6nem vererek, kalitedeki teknik ve teknolojik geli\u015fmeleri takip ederek, \u00e7evreyi korumak ve i\u015f sa\u011fl\u0131\u011f\u0131 g\u00fcvenli\u011finde uygun ortam\u0131 olu\u015fturmakt\u0131r.<\/p>\n<\/div>\n<\/div>\n<\/div>\n<\/div>\n<\/div>\n<p>\n<\/div><\/div>\n\t\t\t\t    \t<\/div><\/div><\/div><div class=\"tlg-spacer  \" data-height=\"8\" data-height-tablet=\"8\" data-height-mobile=\"8\" style=\"clear:both;display:block;height:8px;\"><\/div><div id=\"iconbox-69d0b45848a0b\" class=\" primary-color-icon  \"><div class=\"icon-link\"><div class=\"display-table mb-xs-24 text-left\">\n\t\t\t\t    \t\t<div class=\"display-cell vertical-top mb-xs-24\"><i  class=\"ti-headphone-alt  inline-block mr-30 icon-text icon-lg\"><\/i><\/div>\n\t\t\t\t    \t\t<div class=\"display-cell\"><h5  class=\"widgettitle \">Sayg\u0131l\u0131 ve D\u00fcr\u00fcst \u0130\u015f Modeli<\/h5><div  class=\"icon-content\"><p>T\u00fcm faaliyetlerimizde personelimize, m\u00fc\u015fterilerimize, devlete ve rekabete kar\u015f\u0131 sayg\u0131l\u0131 ve d\u00fcr\u00fcst olaca\u011f\u0131z.<\/p>\n<\/div><\/div>\n\t\t\t\t    \t<\/div><\/div><\/div>[\/vc_column][vc_column css_animation=&#8221;bottom-to-top&#8221; width=&#8221;1\/2&#8243;]<div class=\"image-video text-center p0-sm-min border-radius-m shadow-img  modal-video-wrap \">\n\t\t\t\t\t\t    <div class=\"intro-image\"><img decoding=\"async\" src=\"https:\/\/www.isapur.com\/de\/wp-content\/plugins\/tlg_framework\/assets\/img\/placeholder.png\"><div class=\"modal-video-mask\"><a data-modal=\"modal-69d0b45848a52\" class=\"md-trigger m0 play\" href= \"#\"><div class=\"play-button inline\"><\/div><\/a><\/div>\n\t\t\t\t\t\t\t<\/div><div class=\"modal-button\"><div class=\"md-modal md-modal-7\" id=\"modal-69d0b45848a52\"><div class=\"md-content\"><div class=\"md-content-inner\"><iframe loading=\"lazy\" title=\"Don&#039;t Blink: 12 Awesome Fast Typography Templates\" width=\"1170\" height=\"658\" src=\"https:\/\/www.youtube.com\/embed\/qZEPs3vmYB4?feature=oembed\" frameborder=\"0\" allow=\"accelerometer; autoplay; clipboard-write; encrypted-media; gyroscope; picture-in-picture; web-share\" referrerpolicy=\"strict-origin-when-cross-origin\" allowfullscreen><\/iframe><\/div><\/div><div class=\"text-center\"><a class=\"md-close inline-block mt24\" href=\"#\"><i class=\"ti-close\"><\/i><\/a><\/div><\/div><div class=\"md-overlay\"><\/div><\/div>\n\t\t\t\t\t\t<\/div>[\/vc_column][\/vc_row][vc_row full_width=&#8221;stretch_row&#8221; disable_element=&#8221;yes&#8221; tlg_background_style=&#8221;bg-secondary&#8221;][vc_column]<div class=\"relative pt120 pb120 image-box-center vertical-flex  \"><div class=\"background-content\"><img decoding=\"async\" src=\"https:\/\/www.isapur.com\/de\/wp-content\/plugins\/tlg_framework\/assets\/img\/placeholder.png\"><\/div>\n\t\t\t\t\t\t\t<div class=\"container vertical-flex-column\">\n\t\t\t\t\t\t\t\t<div class=\"row\">\n\t\t\t\t\t\t\t\t\t<div class=\"col-sm-12 text-center\">\n\t\t\t\t\t        \t\t\t<div class=\"box-center-caption\">\n\t\t\t\t\t\t\t\t\t\t\t<div class=\"box-center-caption-border\"><\/div>\n\t\t\t\t\t\t\t\t\t\t\t<div class=\"md-valign relative\">\n\t\t\t\t\t\t\t\t\t\t\t\t<div class=\"box-center-caption-inner\"><h5  class=\"widgettitle mb8\">\u0130sapur Tan\u0131t\u0131m Filmimiz<\/h5><div class=\"primary-line\"><\/div><div class=\"intro-content-content\"><p>Analysis of your customers is key in responding to your promotional needs.<\/p>\n<\/div><a  id=\"btn-69d0b4587b50b\" class=\"btn btn-filled btn-new ti-arrow-right     text-center mr-0 mb0 mt24\" href= \"https:\/\/www.youtube.com\/watch?v=exy45hGczzY\" target=\"_self\" >\u0130zle<\/a><\/div>\n\t\t\t\t\t\t\t\t\t\t\t<\/div>\n\t\t\t\t\t\t\t\t\t\t<\/div>\n\t\t\t\t\t\t\t\t\t<\/div>\n\t\t\t\t\t\t\t\t<\/div>\n\t\t\t\t\t\t\t<\/div>\n\t\t\t\t\t\t<\/div>[\/vc_column][\/vc_row]<\/p>\n<\/section>","protected":false},"excerpt":{"rendered":"<p>[vc_row full_width=&#8221;stretch_row&#8221; tlg_background_style=&#8221;bg-secondary&#8221;][vc_column][\/vc_column][\/vc_row][vc_row][vc_column width=&#8221;1\/2&#8243;][vc_single_image image=&#8221;109&#8243; img_size=&#8221;500px&#8221;][\/vc_column][vc_column width=&#8221;1\/2&#8243;][vc_column_text] In Schmalwebmaschinen werden in unserem Werk passende Garne zu unterschiedlichsten Produkten wie Schlaufen-, Bindeband, Band-Netz panellen-, und Naht Abdichtung verwebt. Je nach Kundenwunsch werden Produkte mit gew\u00fcnschten Eigenschaften (Farbe, Festigkeit, Mono-\/Multifilament etc.) erhalten. [\/vc_column_text][\/vc_column][\/vc_row][vc_row disable_element=&#8221;yes&#8221;][vc_column css_animation=&#8221;bottom-to-top&#8221; width=&#8221;1\/2&#8243; css=&#8221;.vc_custom_1564593145407{padding-right: 12% !important;}&#8221;][vc_column_text] ISAPUR ailesi olarak temel ilkemiz, d\u00fcnya pazar\u0131na kesintisiz&#8230;<\/p>\n","protected":false},"author":1,"featured_media":0,"parent":0,"menu_order":0,"comment_status":"closed","ping_status":"closed","template":"","meta":{"footnotes":""},"class_list":["post-49","page","type-page","status-publish","hentry"],"_links":{"self":[{"href":"https:\/\/www.isapur.com\/de\/wp-json\/wp\/v2\/pages\/49","targetHints":{"allow":["GET"]}}],"collection":[{"href":"https:\/\/www.isapur.com\/de\/wp-json\/wp\/v2\/pages"}],"about":[{"href":"https:\/\/www.isapur.com\/de\/wp-json\/wp\/v2\/types\/page"}],"author":[{"embeddable":true,"href":"https:\/\/www.isapur.com\/de\/wp-json\/wp\/v2\/users\/1"}],"replies":[{"embeddable":true,"href":"https:\/\/www.isapur.com\/de\/wp-json\/wp\/v2\/comments?post=49"}],"version-history":[{"count":4,"href":"https:\/\/www.isapur.com\/de\/wp-json\/wp\/v2\/pages\/49\/revisions"}],"predecessor-version":[{"id":110,"href":"https:\/\/www.isapur.com\/de\/wp-json\/wp\/v2\/pages\/49\/revisions\/110"}],"wp:attachment":[{"href":"https:\/\/www.isapur.com\/de\/wp-json\/wp\/v2\/media?parent=49"}],"curies":[{"name":"wp","href":"https:\/\/api.w.org\/{rel}","templated":true}]}}