{"id":47,"date":"2022-03-14T00:21:39","date_gmt":"2022-03-13T21:21:39","guid":{"rendered":"https:\/\/www.isapur.com\/de\/?page_id=47"},"modified":"2022-03-19T12:09:09","modified_gmt":"2022-03-19T09:09:09","slug":"garnproduktion","status":"publish","type":"page","link":"https:\/\/www.isapur.com\/de\/garnproduktion\/","title":{"rendered":"Garnproduktion"},"content":{"rendered":"<section class=\"wpb-content-wrapper\"><p>[vc_row full_width=&#8221;stretch_row&#8221; tlg_background_style=&#8221;bg-secondary&#8221;][vc_column][\/vc_column][\/vc_row][vc_row][vc_column width=&#8221;1\/2&#8243;][vc_single_image image=&#8221;105&#8243; img_size=&#8221;500px&#8221;][\/vc_column][vc_column width=&#8221;1\/2&#8243;]<div class=\"headings-title \"><div class=\"mb70 mb-xs-40 text-left\"><h5  class=\"widgettitle\">Unsere Garnabteilung, die die erste Stufe des Produktionsprozesses ist<\/h5><div class=\"divider-wrap\"><div class=\"tlg-divider \" style=\"\"><\/div><\/div><\/div><\/div>[vc_column_text]<\/p>\n<h4>Der Rohstoff in Granulatform wird in unserem Werk auf modernsten Extrusionsmaschinen verarbeitet und zu hochfestem PP Tape Garn gefertigt.<\/h4>\n<h4>Die produzierten Garne, mit unterschiedlichen Eigenschaften entsprechend ihrem Einsatzbereich, werden nach Abschluss der Qualit\u00e4tskontrollen an die zust\u00e4ndige Weberei geschickt.<\/h4>\n<p>[\/vc_column_text][\/vc_column][\/vc_row][vc_row disable_element=&#8221;yes&#8221;][vc_column css_animation=&#8221;bottom-to-top&#8221; width=&#8221;1\/2&#8243; css=&#8221;.vc_custom_1564593145407{padding-right: 12% !important;}&#8221;]<div class=\"headings-title \"><div class=\"mb16 mb-xs-40 text-left\"><h5  class=\"widgettitle\">Isapur ist das f\u00fchrende Unternehmen der Branche<\/h5><div class=\"divider-wrap\"><div class=\"tlg-divider \" style=\"\"><\/div><\/div><\/div><\/div>[vc_column_text]Als ISAPUR-Familie besteht unser Grundprinzip darin, unsere Leistungsf\u00e4higkeit und unseren Wettbewerbserfolg aufrechtzuerhalten, indem wir \u201eHOCHWERTIGE\u201c Produkte anbieten, die dem Weltmarkt kontinuierlich \u201eKUNDENZUFRIEDENHEIT\u201c bieten.[\/vc_column_text]<div class=\"tlg-spacer  \" data-height=\"15\" data-height-tablet=\"15\" data-height-mobile=\"15\" style=\"clear:both;display:block;height:15px;\"><\/div><div id=\"iconbox-69d0b70b3709b\" class=\" primary-color-icon  \"><div class=\"icon-link\"><div class=\"display-table mb-xs-24 text-left\">\n\t\t\t\t    \t\t<div class=\"display-cell vertical-top mb-xs-24\"><i  class=\"ti-light-bulb  inline-block mr-30 icon-text icon-lg\"><\/i><\/div>\n\t\t\t\t    \t\t<div class=\"display-cell\"><h5  class=\"widgettitle \">Highest Sustainable Quality!<\/h5><div  class=\"icon-content\"><p>It is our indispensable principle to protect the environment, to create a suitable environment for occupational health and safety, and to increase the satisfaction of our customers, by giving importance to the economic scales of its activities, by following the technical and technological developments in quality.<\/p>\n<\/div><\/div>\n\t\t\t\t    \t<\/div><\/div><\/div><div class=\"tlg-spacer  \" data-height=\"8\" data-height-tablet=\"8\" data-height-mobile=\"8\" style=\"clear:both;display:block;height:8px;\"><\/div><div id=\"iconbox-69d0b70b37100\" class=\" primary-color-icon  \"><div class=\"icon-link\"><div class=\"display-table mb-xs-24 text-left\">\n\t\t\t\t    \t\t<div class=\"display-cell vertical-top mb-xs-24\"><i  class=\"ti-headphone-alt  inline-block mr-30 icon-text icon-lg\"><\/i><\/div>\n\t\t\t\t    \t\t<div class=\"display-cell\"><h5  class=\"widgettitle \">Respektvolles und ehrliches Gesch\u00e4ftsmodell<\/h5><div  class=\"icon-content\"><p>We will be respectful and honest to our staff, customers, government and competition in all our activities.<\/p>\n<\/div><\/div>\n\t\t\t\t    \t<\/div><\/div><\/div>[\/vc_column][vc_column css_animation=&#8221;bottom-to-top&#8221; width=&#8221;1\/2&#8243;]<div class=\"image-video text-center p0-sm-min border-radius-m shadow-img  modal-video-wrap \">\n\t\t\t\t\t\t    <div class=\"intro-image\"><img decoding=\"async\" src=\"https:\/\/www.isapur.com\/de\/wp-content\/plugins\/tlg_framework\/assets\/img\/placeholder.png\"><div class=\"modal-video-mask\"><a data-modal=\"modal-69d0b70b3713f\" class=\"md-trigger m0 play\" href= \"#\"><div class=\"play-button inline\"><\/div><\/a><\/div>\n\t\t\t\t\t\t\t<\/div><div class=\"modal-button\"><div class=\"md-modal md-modal-7\" id=\"modal-69d0b70b3713f\"><div class=\"md-content\"><div class=\"md-content-inner\"><iframe loading=\"lazy\" title=\"Don&#039;t Blink: 12 Awesome Fast Typography Templates\" width=\"1170\" height=\"658\" src=\"https:\/\/www.youtube.com\/embed\/qZEPs3vmYB4?feature=oembed\" frameborder=\"0\" allow=\"accelerometer; autoplay; clipboard-write; encrypted-media; gyroscope; picture-in-picture; web-share\" referrerpolicy=\"strict-origin-when-cross-origin\" allowfullscreen><\/iframe><\/div><\/div><div class=\"text-center\"><a class=\"md-close inline-block mt24\" href=\"#\"><i class=\"ti-close\"><\/i><\/a><\/div><\/div><div class=\"md-overlay\"><\/div><\/div>\n\t\t\t\t\t\t<\/div>[\/vc_column][\/vc_row][vc_row full_width=&#8221;stretch_row&#8221; disable_element=&#8221;yes&#8221; tlg_background_style=&#8221;bg-secondary&#8221;][vc_column]<div class=\"relative pt120 pb120 image-box-center vertical-flex  \"><div class=\"background-content\"><img decoding=\"async\" src=\"https:\/\/www.isapur.com\/de\/wp-content\/plugins\/tlg_framework\/assets\/img\/placeholder.png\"><\/div>\n\t\t\t\t\t\t\t<div class=\"container vertical-flex-column\">\n\t\t\t\t\t\t\t\t<div class=\"row\">\n\t\t\t\t\t\t\t\t\t<div class=\"col-sm-12 text-center\">\n\t\t\t\t\t        \t\t\t<div class=\"box-center-caption\">\n\t\t\t\t\t\t\t\t\t\t\t<div class=\"box-center-caption-border\"><\/div>\n\t\t\t\t\t\t\t\t\t\t\t<div class=\"md-valign relative\">\n\t\t\t\t\t\t\t\t\t\t\t\t<div class=\"box-center-caption-inner\"><h5  class=\"widgettitle mb8\">\u0130sapur Tan\u0131t\u0131m Filmimiz<\/h5><div class=\"primary-line\"><\/div><div class=\"intro-content-content\"><p>Analysis of your customers is key in responding to your promotional needs.<\/p>\n<\/div><a  id=\"btn-69d0b70b6eb08\" class=\"btn btn-filled btn-new ti-arrow-right     text-center mr-0 mb0 mt24\" href= \"https:\/\/www.youtube.com\/watch?v=exy45hGczzY\" target=\"_self\" >\u0130zle<\/a><\/div>\n\t\t\t\t\t\t\t\t\t\t\t<\/div>\n\t\t\t\t\t\t\t\t\t\t<\/div>\n\t\t\t\t\t\t\t\t\t<\/div>\n\t\t\t\t\t\t\t\t<\/div>\n\t\t\t\t\t\t\t<\/div>\n\t\t\t\t\t\t<\/div>[\/vc_column][\/vc_row]<\/p>\n<\/section>","protected":false},"excerpt":{"rendered":"<p>[vc_row full_width=&#8221;stretch_row&#8221; tlg_background_style=&#8221;bg-secondary&#8221;][vc_column][\/vc_column][\/vc_row][vc_row][vc_column width=&#8221;1\/2&#8243;][vc_single_image image=&#8221;105&#8243; img_size=&#8221;500px&#8221;][\/vc_column][vc_column width=&#8221;1\/2&#8243;][vc_column_text] Der Rohstoff in Granulatform wird in unserem Werk auf modernsten Extrusionsmaschinen verarbeitet und zu hochfestem PP Tape Garn gefertigt. Die produzierten Garne, mit unterschiedlichen Eigenschaften entsprechend ihrem Einsatzbereich, werden nach Abschluss der Qualit\u00e4tskontrollen an die zust\u00e4ndige Weberei geschickt. [\/vc_column_text][\/vc_column][\/vc_row][vc_row disable_element=&#8221;yes&#8221;][vc_column css_animation=&#8221;bottom-to-top&#8221; width=&#8221;1\/2&#8243; css=&#8221;.vc_custom_1564593145407{padding-right: 12% !important;}&#8221;][vc_column_text]Als ISAPUR-Familie besteht unser&#8230;<\/p>\n","protected":false},"author":1,"featured_media":103,"parent":0,"menu_order":0,"comment_status":"closed","ping_status":"closed","template":"","meta":{"footnotes":""},"class_list":["post-47","page","type-page","status-publish","has-post-thumbnail","hentry"],"_links":{"self":[{"href":"https:\/\/www.isapur.com\/de\/wp-json\/wp\/v2\/pages\/47","targetHints":{"allow":["GET"]}}],"collection":[{"href":"https:\/\/www.isapur.com\/de\/wp-json\/wp\/v2\/pages"}],"about":[{"href":"https:\/\/www.isapur.com\/de\/wp-json\/wp\/v2\/types\/page"}],"author":[{"embeddable":true,"href":"https:\/\/www.isapur.com\/de\/wp-json\/wp\/v2\/users\/1"}],"replies":[{"embeddable":true,"href":"https:\/\/www.isapur.com\/de\/wp-json\/wp\/v2\/comments?post=47"}],"version-history":[{"count":6,"href":"https:\/\/www.isapur.com\/de\/wp-json\/wp\/v2\/pages\/47\/revisions"}],"predecessor-version":[{"id":222,"href":"https:\/\/www.isapur.com\/de\/wp-json\/wp\/v2\/pages\/47\/revisions\/222"}],"wp:featuredmedia":[{"embeddable":true,"href":"https:\/\/www.isapur.com\/de\/wp-json\/wp\/v2\/media\/103"}],"wp:attachment":[{"href":"https:\/\/www.isapur.com\/de\/wp-json\/wp\/v2\/media?parent=47"}],"curies":[{"name":"wp","href":"https:\/\/api.w.org\/{rel}","templated":true}]}}