{"id":35,"date":"2022-03-14T00:14:41","date_gmt":"2022-03-13T21:14:41","guid":{"rendered":"https:\/\/www.isapur.com\/de\/?page_id=35"},"modified":"2024-05-02T08:52:26","modified_gmt":"2024-05-02T05:52:26","slug":"kommunikation","status":"publish","type":"page","link":"https:\/\/www.isapur.com\/de\/kommunikation\/","title":{"rendered":"Kommunikation"},"content":{"rendered":"<section class=\"wpb-content-wrapper\"><p>[vc_row full_width=&#8221;stretch_row&#8221; tlg_text_align=&#8221;text-center&#8221;][vc_column]<section  id=\"single-69d0c5a3b6b53\" class=\"header-single vertical-flex m0 image-bg parallax  p0 fullscreen \" ><div class=\"background-content \"><img loading=\"lazy\" decoding=\"async\" width=\"1920\" height=\"864\" src=\"https:\/\/www.isapur.com\/de\/wp-content\/uploads\/sites\/8\/revslider\/home-slider-1\/Anasayfa-I\u0307sapur.png\" class=\"background-image\" alt=\"page-header\" srcset=\"https:\/\/www.isapur.com\/de\/wp-content\/uploads\/sites\/8\/revslider\/home-slider-1\/Anasayfa-I\u0307sapur.png 1920w, https:\/\/www.isapur.com\/de\/wp-content\/uploads\/sites\/8\/revslider\/home-slider-1\/Anasayfa-I\u0307sapur-300x135.png 300w, https:\/\/www.isapur.com\/de\/wp-content\/uploads\/sites\/8\/revslider\/home-slider-1\/Anasayfa-I\u0307sapur-1024x461.png 1024w, https:\/\/www.isapur.com\/de\/wp-content\/uploads\/sites\/8\/revslider\/home-slider-1\/Anasayfa-I\u0307sapur-768x346.png 768w, https:\/\/www.isapur.com\/de\/wp-content\/uploads\/sites\/8\/revslider\/home-slider-1\/Anasayfa-I\u0307sapur-1536x691.png 1536w, https:\/\/www.isapur.com\/de\/wp-content\/uploads\/sites\/8\/revslider\/home-slider-1\/Anasayfa-I\u0307sapur-600x270.png 600w\" sizes=\"auto, (max-width: 1920px) 100vw, 1920px\" \/><div style=\"background-color:rgba(0,13,33,0.43); opacity:0.85;\" class=\"background-overlay\"><\/div><\/div><div  class=\"container vertical-flex-column item-content \">\n\t\t\t            <div class=\"row\"><div class=\"standard-slide p0 col-lg-12 col-lg-offset-0 col-md-10 col-md-offset-1 col-sm-12 text-center\"><h1  class=\"heading-title-bold\">Industrie &amp; Verpackung<\/h1><div  class=\"heading-content\"><p>Isapur Industrielle Verpackungsdienstleistungen<\/p>\n<\/div>\n                <\/div><\/div><\/div><\/section>[\/vc_column][\/vc_row][vc_row full_width=&#8221;stretch_row&#8221; disable_element=&#8221;yes&#8221;][vc_column]<div class=\"tlg-custom-embed  \"><iframe style=\"height: 350px;\" frameborder=\"0\" scrolling=\"no\" marginheight=\"0\" marginwidth=\"0\" src=\"https:\/\/maps.google.com\/maps?q=%C3%87erke%C5%9Fli%2C%20Makine%20Organize%20Sanayi%20B%C3%B6lgesi%20No%3A8%2C%2041455%20Demirciler%20Osb%2FDilovas%C4%B1%2FKocaeli&amp;t=m&amp;z=14&amp;output=embed&amp;iwloc=near\" aria-label=\"\u00c7erke\u015fli, Makine Organize Sanayi B\u00f6lgesi No:8, 41455 Demirciler Osb\/Dilovas\u0131\/Kocaeli\"><\/iframe><\/div>[\/vc_column][\/vc_row][vc_row full_width=&#8221;stretch_row&#8221;][vc_column][vc_column_text]<iframe loading=\"lazy\" style=\"border: 0;\" src=\"https:\/\/www.google.com\/maps\/embed?pb=!1m18!1m12!1m3!1d1509.492389495854!2d29.57431575247011!3d40.82829799589641!2m3!1f0!2f0!3f0!3m2!1i1024!2i768!4f13.1!3m3!1m2!1s0x14cb23efb80d3a6b%3A0x78cafb7cd26b179e!2s%C4%B0sapur%20Plastik%20Fabr.!5e0!3m2!1str!2str!4v1637648622283!5m2!1str!2str\" width=\"100%\" height=\"400\" allowfullscreen=\"allowfullscreen\" data-mce-fragment=\"1\"><\/iframe>[\/vc_column_text]<div class=\"tlg-spacer  \" data-height=\"10\" data-height-tablet=\"10\" data-height-mobile=\"10\" style=\"clear:both;display:block;height:10px;\"><\/div>[\/vc_column][\/vc_row][vc_row tlg_background_style=&#8221;bg-secondary&#8221; tlg_padding=&#8221;pb0&#8243; el_class=&#8221;contact-line&#8221; css=&#8221;.vc_custom_1714628940291{background-color: #ffffff !important;}&#8221;][vc_column width=&#8221;1\/2&#8243;]<div class=\"headings-title \"><div class=\"mb40 mb-xs-40 text-left\"><h5  class=\"widgettitle\">Sie sind immer Willkommen<\/h5><\/div><\/div>[\/vc_column][vc_column width=&#8221;1\/2&#8243;][\/vc_column][\/vc_row][vc_row tlg_background_style=&#8221;bg-secondary&#8221; tlg_padding=&#8221;pt0&#8243; el_class=&#8221;contact-line&#8221; css=&#8221;.vc_custom_1714628949078{background-color: #ffffff !important;}&#8221;][vc_column width=&#8221;1\/2&#8243;][vc_column_text]Bitte f\u00fcllen Sie das Formular f\u00fcr Ihre W\u00fcnsche, Anregungen und Beschwerden aus, wir werden Ihnen so schnell wie m\u00f6glich eine R\u00fcckmeldung geben.[\/vc_column_text]<div class=\" icon_title_list-content icon-list-large\"><ul class=\"icon_title_list\"><li><span class=\"inline-block mb8 mr-15\"><i style=\"color:#49c5b6;\" class=\"ti-location-pin  inline-block\"><\/i><\/span><span >\u00c7erke\u015fli Organize Sanayi Mahallesi \u0130mes 9. Cadde No: 8 Dilovas\u0131 Kocaeli T\u00fcrkiye<\/span><\/li><li><span class=\"inline-block mb8 mr-15\"><i style=\"color:#49c5b6;\" class=\"ti-mobile  inline-block\"><\/i><\/span><span >+90 262 754 00 30<\/span><\/li><li><span class=\"inline-block mb8 mr-15\"><i style=\"color:#49c5b6;\" class=\"ti-mobile  inline-block\"><\/i><\/span><span >+90 262 754 22 69<\/span><\/li><li><span class=\"inline-block mb8 mr-15\"><i style=\"color:#49c5b6;\" class=\"fa fa-envelope  inline-block\"><\/i><\/span><span >info@isapur.com<\/span><\/li><\/ul><\/div>[\/vc_column][vc_column width=&#8221;1\/2&#8243; css=&#8221;.vc_custom_1491983121937{padding-left: 8% !important;}&#8221;]\n<div class=\"wpcf7 no-js\" id=\"wpcf7-f9-o1\" lang=\"tr-TR\" dir=\"ltr\" data-wpcf7-id=\"9\">\n<div class=\"screen-reader-response\"><p role=\"status\" aria-live=\"polite\" aria-atomic=\"true\"><\/p> <ul><\/ul><\/div>\n<form action=\"\/de\/wp-json\/wp\/v2\/pages\/35#wpcf7-f9-o1\" method=\"post\" class=\"wpcf7-form init\" aria-label=\"\u0130leti\u015fim Formu\" novalidate=\"novalidate\" data-status=\"init\">\n<fieldset class=\"hidden-fields-container\"><input type=\"hidden\" name=\"_wpcf7\" value=\"9\" \/><input type=\"hidden\" name=\"_wpcf7_version\" value=\"6.1.1\" \/><input type=\"hidden\" name=\"_wpcf7_locale\" value=\"tr_TR\" \/><input type=\"hidden\" name=\"_wpcf7_unit_tag\" value=\"wpcf7-f9-o1\" \/><input type=\"hidden\" name=\"_wpcf7_container_post\" value=\"0\" \/><input type=\"hidden\" name=\"_wpcf7_posted_data_hash\" value=\"\" \/>\n<\/fieldset>\n<p><label> Ad\u0131n\u0131z<br \/>\n<span class=\"wpcf7-form-control-wrap\" data-name=\"your-name\"><input size=\"40\" maxlength=\"400\" class=\"wpcf7-form-control wpcf7-text wpcf7-validates-as-required\" aria-required=\"true\" aria-invalid=\"false\" value=\"\" type=\"text\" name=\"your-name\" \/><\/span> <\/label>\n<\/p>\n<p><label> E-posta adresiniz<br \/>\n<span class=\"wpcf7-form-control-wrap\" data-name=\"your-email\"><input size=\"40\" maxlength=\"400\" class=\"wpcf7-form-control wpcf7-email wpcf7-validates-as-required wpcf7-text wpcf7-validates-as-email\" aria-required=\"true\" aria-invalid=\"false\" value=\"\" type=\"email\" name=\"your-email\" \/><\/span> <\/label>\n<\/p>\n<p><label> Konu<br \/>\n<span class=\"wpcf7-form-control-wrap\" data-name=\"your-subject\"><input size=\"40\" maxlength=\"400\" class=\"wpcf7-form-control wpcf7-text wpcf7-validates-as-required\" aria-required=\"true\" aria-invalid=\"false\" value=\"\" type=\"text\" name=\"your-subject\" \/><\/span> <\/label>\n<\/p>\n<p><label> \u0130letiniz (tercihe ba\u011fl\u0131)<br \/>\n<span class=\"wpcf7-form-control-wrap\" data-name=\"your-message\"><textarea cols=\"40\" rows=\"10\" maxlength=\"2000\" class=\"wpcf7-form-control wpcf7-textarea\" aria-invalid=\"false\" name=\"your-message\"><\/textarea><\/span> <\/label>\n<\/p>\n<p><input class=\"wpcf7-form-control wpcf7-submit has-spinner\" type=\"submit\" value=\"G\u00f6nder\" \/>\n<\/p><div class=\"wpcf7-response-output\" aria-hidden=\"true\"><\/div>\n<\/form>\n<\/div>\n[\/vc_column][\/vc_row]<\/p>\n<\/section>","protected":false},"excerpt":{"rendered":"<p>[vc_row full_width=&#8221;stretch_row&#8221; tlg_text_align=&#8221;text-center&#8221;][vc_column][\/vc_column][\/vc_row][vc_row full_width=&#8221;stretch_row&#8221; disable_element=&#8221;yes&#8221;][vc_column][\/vc_column][\/vc_row][vc_row full_width=&#8221;stretch_row&#8221;][vc_column][vc_column_text][\/vc_column_text][\/vc_column][\/vc_row][vc_row tlg_background_style=&#8221;bg-secondary&#8221; tlg_padding=&#8221;pb0&#8243; el_class=&#8221;contact-line&#8221; css=&#8221;.vc_custom_1714628940291{background-color: #ffffff !important;}&#8221;][vc_column width=&#8221;1\/2&#8243;][\/vc_column][vc_column width=&#8221;1\/2&#8243;][\/vc_column][\/vc_row][vc_row tlg_background_style=&#8221;bg-secondary&#8221; tlg_padding=&#8221;pt0&#8243; el_class=&#8221;contact-line&#8221; css=&#8221;.vc_custom_1714628949078{background-color: #ffffff !important;}&#8221;][vc_column width=&#8221;1\/2&#8243;][vc_column_text]Bitte f\u00fcllen Sie das Formular f\u00fcr Ihre W\u00fcnsche, Anregungen und Beschwerden aus, wir werden Ihnen so schnell wie m\u00f6glich eine R\u00fcckmeldung geben.[\/vc_column_text][\/vc_column][vc_column width=&#8221;1\/2&#8243; css=&#8221;.vc_custom_1491983121937{padding-left: 8% !important;}&#8221;][\/vc_column][\/vc_row]<\/p>\n","protected":false},"author":1,"featured_media":0,"parent":0,"menu_order":0,"comment_status":"closed","ping_status":"closed","template":"","meta":{"footnotes":""},"class_list":["post-35","page","type-page","status-publish","hentry"],"_links":{"self":[{"href":"https:\/\/www.isapur.com\/de\/wp-json\/wp\/v2\/pages\/35","targetHints":{"allow":["GET"]}}],"collection":[{"href":"https:\/\/www.isapur.com\/de\/wp-json\/wp\/v2\/pages"}],"about":[{"href":"https:\/\/www.isapur.com\/de\/wp-json\/wp\/v2\/types\/page"}],"author":[{"embeddable":true,"href":"https:\/\/www.isapur.com\/de\/wp-json\/wp\/v2\/users\/1"}],"replies":[{"embeddable":true,"href":"https:\/\/www.isapur.com\/de\/wp-json\/wp\/v2\/comments?post=35"}],"version-history":[{"count":11,"href":"https:\/\/www.isapur.com\/de\/wp-json\/wp\/v2\/pages\/35\/revisions"}],"predecessor-version":[{"id":264,"href":"https:\/\/www.isapur.com\/de\/wp-json\/wp\/v2\/pages\/35\/revisions\/264"}],"wp:attachment":[{"href":"https:\/\/www.isapur.com\/de\/wp-json\/wp\/v2\/media?parent=35"}],"curies":[{"name":"wp","href":"https:\/\/api.w.org\/{rel}","templated":true}]}}