{"id":33,"date":"2022-03-14T00:13:26","date_gmt":"2022-03-13T21:13:26","guid":{"rendered":"https:\/\/www.isapur.com\/de\/?page_id=33"},"modified":"2022-03-15T18:06:46","modified_gmt":"2022-03-15T15:06:46","slug":"humanressourcen","status":"publish","type":"page","link":"https:\/\/www.isapur.com\/de\/humanressourcen\/","title":{"rendered":"Humanressourcen"},"content":{"rendered":"<section class=\"wpb-content-wrapper\"><p>[vc_row full_width=&#8221;stretch_row&#8221; tlg_background_style=&#8221;bg-dark&#8221;][vc_column]<section  id=\"single-69d0b452c423f\" class=\"header-single vertical-flex m0 image-bg parallax  p0 fullscreen \" ><div class=\"background-content \"><img loading=\"lazy\" decoding=\"async\" width=\"1920\" height=\"1278\" src=\"https:\/\/www.isapur.com\/de\/wp-content\/uploads\/sites\/8\/2022\/03\/insan.jpg\" class=\"background-image\" alt=\"page-header\" srcset=\"https:\/\/www.isapur.com\/de\/wp-content\/uploads\/sites\/8\/2022\/03\/insan.jpg 1920w, https:\/\/www.isapur.com\/de\/wp-content\/uploads\/sites\/8\/2022\/03\/insan-300x200.jpg 300w, https:\/\/www.isapur.com\/de\/wp-content\/uploads\/sites\/8\/2022\/03\/insan-1024x682.jpg 1024w, https:\/\/www.isapur.com\/de\/wp-content\/uploads\/sites\/8\/2022\/03\/insan-768x511.jpg 768w, https:\/\/www.isapur.com\/de\/wp-content\/uploads\/sites\/8\/2022\/03\/insan-1536x1022.jpg 1536w, https:\/\/www.isapur.com\/de\/wp-content\/uploads\/sites\/8\/2022\/03\/insan-600x399.jpg 600w\" sizes=\"auto, (max-width: 1920px) 100vw, 1920px\" \/><div style=\"opacity:0.8!important;\" class=\"background-overlay\"><\/div><\/div><div  class=\"container vertical-flex-column item-content \">\n\t\t\t            <div class=\"row\"><div class=\"standard-slide p0 col-lg-12 col-lg-offset-0 col-md-10 col-md-offset-1 col-sm-12 text-center\"><h1  class=\"heading-title-bold\">\u0130nsan Kaynaklar\u0131<\/h1><div  class=\"lead \">Sekt\u00f6r\u00fcn \u00f6nc\u00fc firmas\u0131 \u0130sapurda kariyer yapmak i\u00e7in l\u00fctfen formu doldurun.<\/div><div  class=\"heading-content\"><\/div><div>\n<div class=\"wpcf7 no-js\" id=\"wpcf7-f193-o1\" lang=\"tr-TR\" dir=\"ltr\" data-wpcf7-id=\"193\">\n<div class=\"screen-reader-response\"><p role=\"status\" aria-live=\"polite\" aria-atomic=\"true\"><\/p> <ul><\/ul><\/div>\n<form action=\"\/de\/wp-json\/wp\/v2\/pages\/33#wpcf7-f193-o1\" method=\"post\" class=\"wpcf7-form init\" aria-label=\"\u0130leti\u015fim Formu\" novalidate=\"novalidate\" data-status=\"init\">\n<fieldset class=\"hidden-fields-container\"><input type=\"hidden\" name=\"_wpcf7\" value=\"193\" \/><input type=\"hidden\" name=\"_wpcf7_version\" value=\"6.1.1\" \/><input type=\"hidden\" name=\"_wpcf7_locale\" value=\"tr_TR\" \/><input type=\"hidden\" name=\"_wpcf7_unit_tag\" value=\"wpcf7-f193-o1\" \/><input type=\"hidden\" name=\"_wpcf7_container_post\" value=\"0\" \/><input type=\"hidden\" name=\"_wpcf7_posted_data_hash\" value=\"\" \/>\n<\/fieldset>\n<div class=\"flat-input\">\n\t<div class=\"overflow-hidden\">\n\t\t<div class=\"half-column half-column-left\">\n\t\t\t<p><span class=\"wpcf7-form-control-wrap\" data-name=\"your-name\"><input size=\"40\" maxlength=\"400\" class=\"wpcf7-form-control wpcf7-text wpcf7-validates-as-required\" aria-required=\"true\" aria-invalid=\"false\" placeholder=\"Name\" value=\"\" type=\"text\" name=\"your-name\" \/><\/span>\n\t\t\t<\/p>\n\t\t<\/div>\n\t\t<div class=\"half-column half-column-right\">\n\t\t\t<p><span class=\"wpcf7-form-control-wrap\" data-name=\"your-email\"><input size=\"40\" maxlength=\"400\" class=\"wpcf7-form-control wpcf7-email wpcf7-validates-as-required wpcf7-text wpcf7-validates-as-email\" aria-required=\"true\" aria-invalid=\"false\" placeholder=\"E-Mail\" value=\"\" type=\"email\" name=\"your-email\" \/><\/span>\n\t\t\t<\/p>\n\t\t<\/div>\n\t<\/div>\n\t<div class=\"overflow-hidden\">\n\t\t<div class=\"half-column half-column-left\">\n\t\t\t<p><span class=\"wpcf7-form-control-wrap\" data-name=\"your-subject\"><input size=\"40\" maxlength=\"400\" class=\"wpcf7-form-control wpcf7-text wpcf7-validates-as-required\" aria-required=\"true\" aria-invalid=\"false\" placeholder=\"Betreff\" value=\"\" type=\"text\" name=\"your-subject\" \/><\/span>\n\t\t\t<\/p>\n\t\t<\/div>\n\t\t<div class=\"half-column half-column-right\">\n\t\t\t<p><span class=\"wpcf7-form-control-wrap\" data-name=\"your-phone\"><input size=\"40\" maxlength=\"400\" class=\"wpcf7-form-control wpcf7-text\" aria-invalid=\"false\" placeholder=\"Telefon\" value=\"\" type=\"text\" name=\"your-phone\" \/><\/span>\n\t\t\t<\/p>\n\t\t<\/div>\n\t<\/div>\n\t<p><span class=\"wpcf7-form-control-wrap\" data-name=\"your-message\"><textarea cols=\"40\" rows=\"10\" maxlength=\"2000\" class=\"wpcf7-form-control wpcf7-textarea\" aria-invalid=\"false\" placeholder=\"Bericht\" name=\"your-message\"><\/textarea><\/span>\n\t<\/p>\n\t<p><button type=\"submit\" class=\"wpcf7-submit wpcf7-submit-custom btn btn-filled btn-new ti-arrow-right\">Senden<\/button>\n\t<\/p>\n<\/div><div class=\"wpcf7-response-output\" aria-hidden=\"true\"><\/div>\n<\/form>\n<\/div>\n<\/div>\n                <\/div><\/div><\/div><\/section><script type=\"text\/javascript\">jQuery(document).ready(function(){jQuery('head').append('<style type=\"text\/css\" id=\"tlg-custom-css-single-69d0b452c423f\">#btn-69d0b452c4240:hover, #btn-69d0b452c4240:focus{color:#ffffff!important;}<\/style>');});<\/script>[\/vc_column][\/vc_row][vc_row full_width=&#8221;stretch_row&#8221; disable_element=&#8221;yes&#8221; tlg_background_style=&#8221;bg-dark&#8221; el_id=&#8221;main&#8221;][vc_column]<section class=\"box-content image-half p0  \">\n\t\t\t\t\t\t    <div class=\"col-lg-6 p0\">\n\t\t\t\t\t\t    \t<div class=\"intro-image\"><img decoding=\"async\" src=\"https:\/\/www.isapur.com\/de\/wp-content\/plugins\/tlg_framework\/assets\/img\/placeholder.png\"><\/div>\n\t\t\t\t\t\t    <\/div>\n\t\t\t\t\t\t    <div class=\"container\">\n\t\t\t\t\t\t        <div class=\"col-lg-6 col-lg-offset-1 pl-l-80 vertical-alignment right\"><div class=\"widgetsubtitle\">People and Organisation<\/div><h2  class=\"widgettitle mb8\">Working business plan for your startup company <cite><i>Services<\/i><\/cite><\/h2><div class=\"primary-line\"><\/div><div class=\"intro-content-content\"><p>We have the skills to create professional films. Whether you want an promo video we can provide the services you require.<\/p>\n<p>We will put together a detailed and specific style guide that covers all areas to ensure that anything produced in the future.<\/p>\n<\/div><a  id=\"btn-69d0b452c5786\" class=\"btn btn-filled btn-light btn-rounded btn-sm   btn-sm-sm text-center mr-0 mb0 mt24\" href= \"#\" target=\"_self\" >View More<i class=\"ti-angle-right\"><\/i><\/a><\/div>\n\t\t\t\t\t\t    <\/div>\n\t\t\t\t\t\t<\/section>[\/vc_column][\/vc_row][vc_row full_width=&#8221;stretch_row&#8221; disable_element=&#8221;yes&#8221; tlg_background_style=&#8221;bg-secondary&#8221;][vc_column]<section class=\"box-content image-half p0  \">\n\t\t\t\t\t\t    <div class=\"col-lg-6 p0 col-lg-push-6\">\n\t\t\t\t\t\t    \t<div class=\"intro-image\"><img decoding=\"async\" src=\"https:\/\/www.isapur.com\/de\/wp-content\/plugins\/tlg_framework\/assets\/img\/placeholder.png\"><\/div>\n\t\t\t\t\t\t    <\/div>\n\t\t\t\t\t\t    <div class=\"container\">\n\t\t\t\t\t\t        <div class=\"col-lg-6 col-lg-pull-0 pr-l-80 vertical-alignment\"><div class=\"widgetsubtitle\">Table meal service<\/div><h2  class=\"widgettitle mb8\">Explains ways you may need to modify your plan <cite><i>Experience<\/i><\/cite><\/h2><div class=\"primary-line\"><\/div><div class=\"intro-content-content\"><p>We have the skills to create professional films. Whether you want an promo video we can provide the services you require.<\/p>\n<p>We will put together a detailed and specific style guide that covers all areas to ensure that anything produced in the future.<\/p>\n<\/div><a  id=\"btn-69d0b452c5d06\" class=\"btn btn-primary-line btn-rounded btn-sm   btn-sm-sm text-center mr-0 mb0 mt24\" href= \"#\" target=\"_self\" >View More<i class=\"ti-angle-right\"><\/i><\/a><\/div>\n\t\t\t\t\t\t    <\/div>\n\t\t\t\t\t\t<\/section>[\/vc_column][\/vc_row][vc_row full_width=&#8221;stretch_row&#8221; disable_element=&#8221;yes&#8221; tlg_background_style=&#8221;bg-primary&#8221;][vc_column]<section class=\"box-content image-half p0  \">\n\t\t\t\t\t\t    <div class=\"col-lg-6 p0\">\n\t\t\t\t\t\t    \t<div class=\"intro-image\"><img decoding=\"async\" src=\"https:\/\/www.isapur.com\/de\/wp-content\/plugins\/tlg_framework\/assets\/img\/placeholder.png\"><\/div>\n\t\t\t\t\t\t    <\/div>\n\t\t\t\t\t\t    <div class=\"container\">\n\t\t\t\t\t\t        <div class=\"col-lg-6 col-lg-offset-1 pl-l-80 vertical-alignment right\"><div class=\"widgetsubtitle\">Sustainability<\/div><h2  class=\"widgettitle mb8\">Learn about one of the newest business <cite><i>Planning<\/i><\/cite><\/h2><div class=\"primary-line\"><\/div><div class=\"intro-content-content\"><p>We have the skills to create professional films. Whether you want an promo video we can provide the services you require.<\/p>\n<p>We will put together a detailed and specific style guide that covers all areas to ensure that anything produced in the future.<\/p>\n<\/div><a  id=\"btn-69d0b452c6056\" class=\"btn btn-filled btn-light btn-rounded btn-sm   btn-sm-sm text-center mr-0 mb0 mt24\" href= \"#\" target=\"_self\" >View More<i class=\"ti-angle-right\"><\/i><\/a><\/div>\n\t\t\t\t\t\t    <\/div>\n\t\t\t\t\t\t<\/section>[\/vc_column][\/vc_row][vc_row full_width=&#8221;stretch_row&#8221; disable_element=&#8221;yes&#8221;][vc_column]<section class=\"box-content image-half p0  \">\n\t\t\t\t\t\t    <div class=\"col-lg-6 p0 col-lg-push-6\">\n\t\t\t\t\t\t    \t<div class=\"intro-image\"><img decoding=\"async\" src=\"https:\/\/www.isapur.com\/de\/wp-content\/plugins\/tlg_framework\/assets\/img\/placeholder.png\"><\/div>\n\t\t\t\t\t\t    <\/div>\n\t\t\t\t\t\t    <div class=\"container\">\n\t\t\t\t\t\t        <div class=\"col-lg-6 col-lg-pull-0 pr-l-80 vertical-alignment\"><div class=\"widgetsubtitle\">Cloud Choice<\/div><h2  class=\"widgettitle mb8\">Writing your company business plan is a good <cite><i>opportunity<\/i><\/cite><\/h2><div class=\"primary-line\"><\/div><div class=\"intro-content-content\"><p>We have the skills to create professional films. Whether you want an promo video we can provide the services you require.<\/p>\n<p>We will put together a detailed and specific style guide that covers all areas to ensure that anything produced in the future.<\/p>\n<\/div><a  id=\"btn-69d0b452c6356\" class=\"btn btn-primary-line btn-rounded btn-sm   btn-sm-sm text-center mr-0 mb0 mt24\" href= \"#\" target=\"_self\" >View More<i class=\"ti-angle-right\"><\/i><\/a><\/div>\n\t\t\t\t\t\t    <\/div>\n\t\t\t\t\t\t<\/section>[\/vc_column][\/vc_row]<\/p>\n<\/section>","protected":false},"excerpt":{"rendered":"<p>[vc_row full_width=&#8221;stretch_row&#8221; tlg_background_style=&#8221;bg-dark&#8221;][vc_column][\/vc_column][\/vc_row][vc_row full_width=&#8221;stretch_row&#8221; disable_element=&#8221;yes&#8221; tlg_background_style=&#8221;bg-dark&#8221; el_id=&#8221;main&#8221;][vc_column][\/vc_column][\/vc_row][vc_row full_width=&#8221;stretch_row&#8221; disable_element=&#8221;yes&#8221; tlg_background_style=&#8221;bg-secondary&#8221;][vc_column][\/vc_column][\/vc_row][vc_row full_width=&#8221;stretch_row&#8221; disable_element=&#8221;yes&#8221; tlg_background_style=&#8221;bg-primary&#8221;][vc_column][\/vc_column][\/vc_row][vc_row full_width=&#8221;stretch_row&#8221; disable_element=&#8221;yes&#8221;][vc_column][\/vc_column][\/vc_row]<\/p>\n","protected":false},"author":1,"featured_media":137,"parent":0,"menu_order":0,"comment_status":"closed","ping_status":"closed","template":"","meta":{"footnotes":""},"class_list":["post-33","page","type-page","status-publish","has-post-thumbnail","hentry"],"_links":{"self":[{"href":"https:\/\/www.isapur.com\/de\/wp-json\/wp\/v2\/pages\/33","targetHints":{"allow":["GET"]}}],"collection":[{"href":"https:\/\/www.isapur.com\/de\/wp-json\/wp\/v2\/pages"}],"about":[{"href":"https:\/\/www.isapur.com\/de\/wp-json\/wp\/v2\/types\/page"}],"author":[{"embeddable":true,"href":"https:\/\/www.isapur.com\/de\/wp-json\/wp\/v2\/users\/1"}],"replies":[{"embeddable":true,"href":"https:\/\/www.isapur.com\/de\/wp-json\/wp\/v2\/comments?post=33"}],"version-history":[{"count":4,"href":"https:\/\/www.isapur.com\/de\/wp-json\/wp\/v2\/pages\/33\/revisions"}],"predecessor-version":[{"id":194,"href":"https:\/\/www.isapur.com\/de\/wp-json\/wp\/v2\/pages\/33\/revisions\/194"}],"wp:featuredmedia":[{"embeddable":true,"href":"https:\/\/www.isapur.com\/de\/wp-json\/wp\/v2\/media\/137"}],"wp:attachment":[{"href":"https:\/\/www.isapur.com\/de\/wp-json\/wp\/v2\/media?parent=33"}],"curies":[{"name":"wp","href":"https:\/\/api.w.org\/{rel}","templated":true}]}}