{"id":234,"date":"2022-03-19T13:36:37","date_gmt":"2022-03-19T10:36:37","guid":{"rendered":"https:\/\/www.isapur.com\/de\/?page_id=234"},"modified":"2022-03-19T13:37:39","modified_gmt":"2022-03-19T10:37:39","slug":"rund-weben","status":"publish","type":"page","link":"https:\/\/www.isapur.com\/de\/rund-weben\/","title":{"rendered":"Rund Weben"},"content":{"rendered":"<section class=\"wpb-content-wrapper\"><p>[vc_row full_width=&#8221;stretch_row&#8221; tlg_background_style=&#8221;bg-secondary&#8221;][vc_column][\/vc_column][\/vc_row][vc_row][vc_column width=&#8221;1\/2&#8243;][vc_single_image image=&#8221;237&#8243; img_size=&#8221;500px&#8221;][\/vc_column][vc_column width=&#8221;1\/2&#8243;]<div class=\"headings-title \"><div class=\"mb70 mb-xs-40 text-left\"><h5  class=\"widgettitle\">Unsere Rundweberei, die dritte Stufe des Produktionsprozesses<\/h5><div class=\"divider-wrap\"><div class=\"tlg-divider \" style=\"\"><\/div><\/div><\/div><\/div>[vc_column_text]<\/p>\n<h4>Stoffe k\u00f6nnen in gew\u00fcnschten Gr\u00f6\u00dfen, Gewichten und Eigenschaften (Standard, leitf\u00e4hig, Ventil usw.) hergestellt werden. Es wird eine Vielzahl von Stoffen im Bereich von 2*30cm &#8211; 2*210cm in Stoffbreiten und 60gr &#8211; 220gr Gewicht hergestellt.<\/h4>\n<p>[\/vc_column_text][\/vc_column][\/vc_row][vc_row disable_element=&#8221;yes&#8221;][vc_column css_animation=&#8221;bottom-to-top&#8221; width=&#8221;1\/2&#8243; css=&#8221;.vc_custom_1564593145407{padding-right: 12% !important;}&#8221;]<div class=\"headings-title \"><div class=\"mb16 mb-xs-40 text-left\"><h5  class=\"widgettitle\">Isapur ist das f\u00fchrende Unternehmen der Branche<\/h5><div class=\"divider-wrap\"><div class=\"tlg-divider \" style=\"\"><\/div><\/div><\/div><\/div>[vc_column_text]<\/p>\n<div class=\"wpb_text_column wpb_content_element \">\n<div class=\"wpb_wrapper\">\n<div class=\"wpb_text_column wpb_content_element \">\n<div class=\"wpb_wrapper\">\n<p>Als ISAPUR-Familie besteht unser Grundprinzip darin, unsere Leistungsf\u00e4higkeit und unseren Wettbewerbserfolg aufrechtzuerhalten, indem wir \u201eHOCHWERTIGE\u201c Produkte anbieten, die dem Weltmarkt kontinuierlich \u201eKUNDENZUFRIEDENHEIT\u201c bieten.<\/p><\/div>\n<\/div>\n<\/div>\n<\/div>\n<p>[\/vc_column_text]<div class=\"tlg-spacer  \" data-height=\"15\" data-height-tablet=\"15\" data-height-mobile=\"15\" style=\"clear:both;display:block;height:15px;\"><\/div><div id=\"iconbox-69d0b5b3846c1\" class=\" primary-color-icon  \"><div class=\"icon-link\"><div class=\"display-table mb-xs-24 text-left\">\n\t\t\t\t    \t\t<div class=\"display-cell vertical-top mb-xs-24\"><i  class=\"ti-light-bulb  inline-block mr-30 icon-text icon-lg\"><\/i><\/div>\n\t\t\t\t    \t\t<div class=\"display-cell\"><h5  class=\"widgettitle \">H\u00f6chste nachhaltige Qualit\u00e4t!<\/h5><div  class=\"icon-content\"><\/p>\n<div id=\"iconbox-60e855a7da6b0\" class=\" primary-color-icon \">\n<div class=\"icon-link\">\n<div class=\"display-table mb-xs-24 text-left\">\n<div class=\"display-cell\">\n<div class=\"icon-content\">\n<div id=\"iconbox-60e850686049c\" class=\" primary-color-icon \">\n<div class=\"icon-link\">\n<div class=\"display-table mb-xs-24 text-left\">\n<div class=\"display-cell\">\n<div class=\"icon-content\">\n<p>Es ist unser unverzichtbares Prinzip, die Umwelt zu sch\u00fctzen, ein geeignetes Umfeld f\u00fcr Arbeitssicherheit und Gesundheitsschutz zu schaffen und die Zufriedenheit unserer Kunden zu steigern, indem wir den wirtschaftlichen Umfang seiner Aktivit\u00e4ten ber\u00fccksichtigen und die technischen und technologischen Qualit\u00e4tsentwicklungen verfolgen .<\/p>\n<\/div>\n<\/div>\n<\/div>\n<\/div>\n<\/div>\n<p>&nbsp;<\/p>\n<\/div>\n<\/div>\n<\/div>\n<\/div>\n<\/div>\n<p>\n<\/div><\/div>\n\t\t\t\t    \t<\/div><\/div><\/div><div class=\"tlg-spacer  \" data-height=\"8\" data-height-tablet=\"8\" data-height-mobile=\"8\" style=\"clear:both;display:block;height:8px;\"><\/div><div id=\"iconbox-69d0b5b384780\" class=\" primary-color-icon  \"><div class=\"icon-link\"><div class=\"display-table mb-xs-24 text-left\">\n\t\t\t\t    \t\t<div class=\"display-cell vertical-top mb-xs-24\"><i  class=\"ti-headphone-alt  inline-block mr-30 icon-text icon-lg\"><\/i><\/div>\n\t\t\t\t    \t\t<div class=\"display-cell\"><h5  class=\"widgettitle \">H\u00f6chste nachhaltige Qualit\u00e4t!<\/h5><div  class=\"icon-content\"><p>Wir werden bei all unseren Aktivit\u00e4ten respektvoll und ehrlich gegen\u00fcber unseren Mitarbeitern, Kunden, der Regierung und der Konkurrenz sein.<\/p>\n<\/div><\/div>\n\t\t\t\t    \t<\/div><\/div><\/div>[\/vc_column][vc_column css_animation=&#8221;bottom-to-top&#8221; width=&#8221;1\/2&#8243;]<div class=\"image-video text-center p0-sm-min border-radius-m shadow-img  modal-video-wrap \">\n\t\t\t\t\t\t    <div class=\"intro-image\"><img decoding=\"async\" src=\"https:\/\/www.isapur.com\/de\/wp-content\/plugins\/tlg_framework\/assets\/img\/placeholder.png\"><div class=\"modal-video-mask\"><a data-modal=\"modal-69d0b5b3847c5\" class=\"md-trigger m0 play\" href= \"#\"><div class=\"play-button inline\"><\/div><\/a><\/div>\n\t\t\t\t\t\t\t<\/div><div class=\"modal-button\"><div class=\"md-modal md-modal-7\" id=\"modal-69d0b5b3847c5\"><div class=\"md-content\"><div class=\"md-content-inner\"><iframe loading=\"lazy\" title=\"Don&#039;t Blink: 12 Awesome Fast Typography Templates\" width=\"1170\" height=\"658\" src=\"https:\/\/www.youtube.com\/embed\/qZEPs3vmYB4?feature=oembed\" frameborder=\"0\" allow=\"accelerometer; autoplay; clipboard-write; encrypted-media; gyroscope; picture-in-picture; web-share\" referrerpolicy=\"strict-origin-when-cross-origin\" allowfullscreen><\/iframe><\/div><\/div><div class=\"text-center\"><a class=\"md-close inline-block mt24\" href=\"#\"><i class=\"ti-close\"><\/i><\/a><\/div><\/div><div class=\"md-overlay\"><\/div><\/div>\n\t\t\t\t\t\t<\/div>[\/vc_column][\/vc_row][vc_row full_width=&#8221;stretch_row&#8221; disable_element=&#8221;yes&#8221; tlg_background_style=&#8221;bg-secondary&#8221;][vc_column]<div class=\"relative pt120 pb120 image-box-center vertical-flex  \"><div class=\"background-content\"><img decoding=\"async\" src=\"https:\/\/www.isapur.com\/de\/wp-content\/plugins\/tlg_framework\/assets\/img\/placeholder.png\"><\/div>\n\t\t\t\t\t\t\t<div class=\"container vertical-flex-column\">\n\t\t\t\t\t\t\t\t<div class=\"row\">\n\t\t\t\t\t\t\t\t\t<div class=\"col-sm-12 text-center\">\n\t\t\t\t\t        \t\t\t<div class=\"box-center-caption\">\n\t\t\t\t\t\t\t\t\t\t\t<div class=\"box-center-caption-border\"><\/div>\n\t\t\t\t\t\t\t\t\t\t\t<div class=\"md-valign relative\">\n\t\t\t\t\t\t\t\t\t\t\t\t<div class=\"box-center-caption-inner\"><h5  class=\"widgettitle mb8\">Isapur<\/h5><div class=\"primary-line\"><\/div><div class=\"intro-content-content\"><p>Analysis of your customers is key in responding to your promotional needs.<\/p>\n<\/div><a  id=\"btn-69d0b5b3c076b\" class=\"btn btn-filled btn-new ti-arrow-right     text-center mr-0 mb0 mt24\" href= \"https:\/\/www.youtube.com\/watch?v=exy45hGczzY\" target=\"_self\" >\u0130zle<\/a><\/div>\n\t\t\t\t\t\t\t\t\t\t\t<\/div>\n\t\t\t\t\t\t\t\t\t\t<\/div>\n\t\t\t\t\t\t\t\t\t<\/div>\n\t\t\t\t\t\t\t\t<\/div>\n\t\t\t\t\t\t\t<\/div>\n\t\t\t\t\t\t<\/div>[\/vc_column][\/vc_row]<\/p>\n<\/section>","protected":false},"excerpt":{"rendered":"<p>[vc_row full_width=&#8221;stretch_row&#8221; tlg_background_style=&#8221;bg-secondary&#8221;][vc_column][\/vc_column][\/vc_row][vc_row][vc_column width=&#8221;1\/2&#8243;][vc_single_image image=&#8221;237&#8243; img_size=&#8221;500px&#8221;][\/vc_column][vc_column width=&#8221;1\/2&#8243;][vc_column_text] Stoffe k\u00f6nnen in gew\u00fcnschten Gr\u00f6\u00dfen, Gewichten und Eigenschaften (Standard, leitf\u00e4hig, Ventil usw.) hergestellt werden. Es wird eine Vielzahl von Stoffen im Bereich von 2*30cm &#8211; 2*210cm in Stoffbreiten und 60gr &#8211; 220gr Gewicht hergestellt. [\/vc_column_text][\/vc_column][\/vc_row][vc_row disable_element=&#8221;yes&#8221;][vc_column css_animation=&#8221;bottom-to-top&#8221; width=&#8221;1\/2&#8243; css=&#8221;.vc_custom_1564593145407{padding-right: 12% !important;}&#8221;][vc_column_text] Als ISAPUR-Familie besteht unser Grundprinzip darin, unsere&#8230;<\/p>\n","protected":false},"author":1,"featured_media":112,"parent":0,"menu_order":0,"comment_status":"closed","ping_status":"closed","template":"","meta":{"footnotes":""},"class_list":["post-234","page","type-page","status-publish","has-post-thumbnail","hentry"],"_links":{"self":[{"href":"https:\/\/www.isapur.com\/de\/wp-json\/wp\/v2\/pages\/234","targetHints":{"allow":["GET"]}}],"collection":[{"href":"https:\/\/www.isapur.com\/de\/wp-json\/wp\/v2\/pages"}],"about":[{"href":"https:\/\/www.isapur.com\/de\/wp-json\/wp\/v2\/types\/page"}],"author":[{"embeddable":true,"href":"https:\/\/www.isapur.com\/de\/wp-json\/wp\/v2\/users\/1"}],"replies":[{"embeddable":true,"href":"https:\/\/www.isapur.com\/de\/wp-json\/wp\/v2\/comments?post=234"}],"version-history":[{"count":3,"href":"https:\/\/www.isapur.com\/de\/wp-json\/wp\/v2\/pages\/234\/revisions"}],"predecessor-version":[{"id":238,"href":"https:\/\/www.isapur.com\/de\/wp-json\/wp\/v2\/pages\/234\/revisions\/238"}],"wp:featuredmedia":[{"embeddable":true,"href":"https:\/\/www.isapur.com\/de\/wp-json\/wp\/v2\/media\/112"}],"wp:attachment":[{"href":"https:\/\/www.isapur.com\/de\/wp-json\/wp\/v2\/media?parent=234"}],"curies":[{"name":"wp","href":"https:\/\/api.w.org\/{rel}","templated":true}]}}