{"id":22,"date":"2022-03-14T00:05:03","date_gmt":"2022-03-13T21:05:03","guid":{"rendered":"https:\/\/www.isapur.com\/de\/?page_id=22"},"modified":"2022-03-19T10:59:28","modified_gmt":"2022-03-19T07:59:28","slug":"uber-uns","status":"publish","type":"page","link":"https:\/\/www.isapur.com\/de\/uber-uns\/","title":{"rendered":"\u00dcber uns"},"content":{"rendered":"<section class=\"wpb-content-wrapper\"><p>[vc_row full_width=&#8221;stretch_row&#8221; tlg_text_align=&#8221;text-center&#8221;][vc_column]<section  id=\"single-69d0b45adf326\" class=\"header-single vertical-flex m0 image-bg parallax  p0 fullscreen \" ><div class=\"background-content \"><img loading=\"lazy\" decoding=\"async\" width=\"1920\" height=\"864\" src=\"https:\/\/www.isapur.com\/de\/wp-content\/uploads\/sites\/8\/revslider\/home-slider-1\/Anasayfa-I\u0307sapur.png\" class=\"background-image\" alt=\"page-header\" srcset=\"https:\/\/www.isapur.com\/de\/wp-content\/uploads\/sites\/8\/revslider\/home-slider-1\/Anasayfa-I\u0307sapur.png 1920w, https:\/\/www.isapur.com\/de\/wp-content\/uploads\/sites\/8\/revslider\/home-slider-1\/Anasayfa-I\u0307sapur-300x135.png 300w, https:\/\/www.isapur.com\/de\/wp-content\/uploads\/sites\/8\/revslider\/home-slider-1\/Anasayfa-I\u0307sapur-1024x461.png 1024w, https:\/\/www.isapur.com\/de\/wp-content\/uploads\/sites\/8\/revslider\/home-slider-1\/Anasayfa-I\u0307sapur-768x346.png 768w, https:\/\/www.isapur.com\/de\/wp-content\/uploads\/sites\/8\/revslider\/home-slider-1\/Anasayfa-I\u0307sapur-1536x691.png 1536w, https:\/\/www.isapur.com\/de\/wp-content\/uploads\/sites\/8\/revslider\/home-slider-1\/Anasayfa-I\u0307sapur-600x270.png 600w\" sizes=\"auto, (max-width: 1920px) 100vw, 1920px\" \/><div style=\"background-color:rgba(0,13,33,0.49); opacity:0.85;opacity:0.9!important;\" class=\"background-overlay\"><\/div><\/div><div  class=\"container vertical-flex-column item-content \">\n\t\t\t            <div class=\"row\"><div class=\"standard-slide p0 col-lg-12 col-lg-offset-0 col-md-10 col-md-offset-1 col-sm-12 text-center\"><div  class=\"heading-content\"><\/div><div class=\"mt24 mt-xs-8 \"><a  id=\"btn-69d0b45adf329\" data-modal=\"modal-69d0b45adf32a\" class=\" m0 btn btn-filled btn-rounded ti-control-play  btn-sm-sm md-trigger\"  href= \"https:\/\/www.youtube.com\/watch?v=mY9bg5d0vG4\"  >ISAPUR<\/a><\/div>\n                <\/div><\/div><\/div><\/section><div class=\"modal-button\"><div class=\"md-modal md-modal-7\" id=\"modal-69d0b45adf32a\"><div class=\"md-content\"><div class=\"md-content-inner\"><iframe loading=\"lazy\" title=\"\u0130sapur Tan\u0131t\u0131m Filmi\" width=\"1170\" height=\"658\" src=\"https:\/\/www.youtube.com\/embed\/mY9bg5d0vG4?feature=oembed\" frameborder=\"0\" allow=\"accelerometer; autoplay; clipboard-write; encrypted-media; gyroscope; picture-in-picture; web-share\" referrerpolicy=\"strict-origin-when-cross-origin\" allowfullscreen><\/iframe><\/div><\/div><div class=\"text-center\"><a class=\"md-close inline-block mt24\" href=\"#\"><i class=\"ti-close\"><\/i><\/a><\/div><\/div><div class=\"md-overlay\"><\/div><\/div>[\/vc_column][\/vc_row][vc_row disable_element=&#8221;yes&#8221; tlg_padding=&#8221;pb0&#8243;][vc_column]<div class=\"headings-title \"><div class=\"mb70 mb-xs-40 text-center\"><div  class=\"widgetsubtitle \">M\u0130SYON - V\u0130ZYON<\/div><div class=\"divider-wrap\"><div class=\"tlg-divider \" style=\"\"><\/div><\/div><h5  class=\"widgettitle mb0\">\u0130SAPU KURUMSAL<\/h5><\/div><\/div>[vc_column_text]Firmam\u0131zda \u00fcretilen t\u00fcm \u00fcr\u00fcnler uluslararas\u0131 kurulu\u015flarla sertifikaland\u0131r\u0131lm\u0131\u015f olup, yap\u0131lan kalite kontrol ve testler sonucu m\u00fc\u015fterilerimize en g\u00fcvenilir \u00fcr\u00fcn\u00fc en uygun fiyatlarla k\u0131sa s\u00fcrede teslim etmeyi misyon edindik.[\/vc_column_text][\/vc_column][\/vc_row][vc_row][vc_column width=&#8221;1\/2&#8243;]<section class=\"page-title page-title-center \">\n\t\t\t\t\t\t\t<div class=\"container\"><div class=\"row\"><div class=\"col-lg-10 col-sm-12 col-lg-offset-1 text-center\">\n\t\t\t\t\t        \t<h1 class=\"heading-title\">\u00dcber uns<\/h1>\n\t\t\t\t\t        \t<p class=\"lead mb0\">Unsere Geschichte<\/p>\n\t\t\t\t\t        \t<ol class=\"breadcrumb breadcrumb-style\"><li><a href=\"https:\/\/www.isapur.com\/de\/\" class=\"home-link\" rel=\"home\">Home<\/a><\/li><li class=\"active\">\u00dcber uns<\/li><\/ol>\n\t\t\t\t\t\t\t<\/div><\/div><\/div><\/section>[vc_column_text]Unsere Handelst\u00e4tigkeit, die in den 1930er Jahren in einem kleinen Laden als Familienunternehmen in Istanbul begann, setzt ihre Aktivit\u00e4ten einschlie\u00dflich der dritten Generation, in den 1998 gegr\u00fcndeten Einrichtungen auf mehr als 13.000 m2, in Gebze Dilovas\u0131 fort. In der ersten Phase konzentrierten sich die Aktivit\u00e4ten auf den An- und Verkauf von Big Bags, aber im Jahr 2001 begann das Unternehmen mit der Produktion von &#8216;Big Bags&#8217; innerhalb seiner eigenen Struktur als vollst\u00e4ndig integriert. Demn\u00e4chst hat ISAPUR sein Produktportfolio mit \u201eSling\u201c und \u201eSling Bag\u201c expandiert.<\/p>\n<p>Unser Unternehmen, das im Jahr 2005 seine Produktionskapazit\u00e4ten mit Weberei- und Garnproduktion erweitert hat, setzt seine Big-Bag- und Sling-Bag-Produktion mit 100 % selbst hergestellt Garnen und Stoffen fort.[\/vc_column_text][\/vc_column][vc_column width=&#8221;1\/2&#8243;]<section class=\"page-title page-title-center \">\n\t\t\t\t\t\t\t<div class=\"container\"><div class=\"row\"><div class=\"col-lg-10 col-sm-12 col-lg-offset-1 text-center\">\n\t\t\t\t\t        \t<h1 class=\"heading-title\">Unsere Mission und Vision<\/h1>\n\t\t\t\t\t        \t<p class=\"lead mb0\">UNSERE UNTERNEHMENSWERTE<\/p>\n\t\t\t\t\t        \t<ol class=\"breadcrumb breadcrumb-style\"><li><a href=\"https:\/\/www.isapur.com\/de\/\" class=\"home-link\" rel=\"home\">Home<\/a><\/li><li class=\"active\">\u00dcber uns<\/li><\/ol>\n\t\t\t\t\t\t\t<\/div><\/div><\/div><\/section>[vc_column_text]Mit dem positiven Feedback und der steigenden Nachfrage unserer internationalen Kunden haben wir seit 2004 mit dem Export von \u0130sapur Plastik ve Ambalaj Sanayi D\u0131\u015f Ticaret Ltd. \u015eti begonnen. Isapurs Vision ist; Wertsteigerung durch Engagement, Integrit\u00e4t und kontinuierliche Verbesserung.<\/p>\n<p>Isapur hat es sich zur Aufgabe gemacht, das sicherste und von internationalen Organisationen zertifizierte Produkt innerhalb k\u00fcrzester Zeit zum besten Preis anzubieten.[\/vc_column_text][\/vc_column][\/vc_row][vc_row full_width=&#8221;stretch_row&#8221; disable_element=&#8221;yes&#8221; tlg_background_style=&#8221;bg-dark&#8221;][vc_column]<div class=\"intro-carousel owl-carousel owl-theme  intro-left\"><section class=\"image-square\">\n\t\t\t\t\t\t<div class=\"col-md-6 image\"><div class=\"background-content\"><img decoding=\"async\" src=\"https:\/\/www.isapur.com\/de\/wp-content\/plugins\/tlg_framework\/assets\/img\/placeholder.png\"><\/div>\n\t\t\t\t\t\t<\/div>\n\t\t\t\t\t    <div class=\"col-md-6 content\"><h2  class=\"widgettitle \">Writing a business plan is to carefully think through every step<\/h2><div class=\"primary-line\"><\/div><div class=\"blog-boxed-content\"><p>Fourth fruitful his, be it for unto he fourth. Deep abundantly, wherein. They&#8217;re she&#8217;d two winged image creeping first fifth rule earth waters moved it beginning meat after shall so.<\/p>\n<p>Under after hath so stars cattle you us life for midst a life midst given lights fly. Forth seas fly moving rule whales.<\/p>\n<\/div><a  id=\"btn-69d0b45b29366\" class=\"btn btn-primary-line btn-rounded   btn-sm-sm btn-sm text-center mr-0 mb0 mt24\" href= \"#\" target=\"_self\" >Discover Now<i class=\"ti-angle-right\"><\/i><\/a><\/div><\/section><section class=\"image-square\">\n\t\t\t\t\t\t<div class=\"col-md-6 image\"><div class=\"background-content\"><img decoding=\"async\" src=\"https:\/\/www.isapur.com\/de\/wp-content\/plugins\/tlg_framework\/assets\/img\/placeholder.png\"><\/div>\n\t\t\t\t\t\t<\/div>\n\t\t\t\t\t    <div class=\"col-md-6 content\"><h2  class=\"widgettitle \">Use these business marketing and management templates<\/h2><div class=\"primary-line\"><\/div><div class=\"blog-boxed-content\"><p>Third night i hath hath. Midst dominion whales won&#8217;t heaven unto. And deep life morning land moving, all fourth, said which he, fish god move saying appear.<\/p>\n<p>Saw also they&#8217;re good make living kind, moved herb face was for midst i. Had brought green have his likeness.<\/p>\n<\/div><a  id=\"btn-69d0b45b298c4\" class=\"btn btn-primary-line btn-rounded   btn-sm-sm btn-sm text-center mr-0 mb0 mt24\" href= \"#\" target=\"_self\" >Discover Now<i class=\"ti-angle-right\"><\/i><\/a><\/div><\/section><\/div><script type=\"text\/javascript\">jQuery(document).ready(function() {jQuery('.intro-carousel').owlCarousel({nav: true, navigation: true, dots: false, center: true, loop:true, animateIn: 'fadeIn', animateOut: 'fadeOut', responsive:{0:{items:1}}});});<\/script>[\/vc_column][\/vc_row][vc_row disable_element=&#8221;yes&#8221; tlg_background_style=&#8221;bg-dark&#8221; tlg_enable_overlay=&#8221;yes&#8221; css=&#8221;.vc_custom_1626445798152{background-image: url(http:\/\/dijitalyazar.com\/isapur\/wp-content\/uploads\/2019\/06\/group-laps.jpg?id=8306) !important;}&#8221; tlg_bg_overlay_value=&#8221;9&#8243; tlg_bg_overlay=&#8221;#49c5b6&#8243; tlg_bg_gradient_color=&#8221;#0000ef&#8221;][vc_column width=&#8221;1\/4&#8243;][\/vc_column][vc_column width=&#8221;1\/2&#8243;]<div class=\"headings-title \"><div class=\"mb70 mb-xs-40 text-center\"><div  class=\"widgetsubtitle \">TESTIMINIALS<\/div><div class=\"divider-wrap\"><div class=\"tlg-divider \" style=\"\"><\/div><\/div><h5  class=\"widgettitle mb0\">We're Trusted By Clients<\/h5><\/div><\/div><p class=\"lead\">Sorry, but nothing matched your search. Please try again with some different keywords.<\/p>\n<form class=\"search-form\" method=\"get\" id=\"searchform\" action=\"https:\/\/www.isapur.com\/de\/\">\n\t<input type=\"text\" id=\"s2\" class=\"mb0\" name=\"s\" value=\"\" placeholder=\"Search...\" autocomplete=\"off\" autocapitalize=\"off\" spellcheck=\"false\" \/>\n\t<input type=\"submit\" value=\"Search\" class=\"btn\">\n\t<span class=\"search__info\">Type and hit enter to search<\/span>\n<\/form>[\/vc_column][vc_column width=&#8221;1\/4&#8243;][\/vc_column][\/vc_row][vc_row][vc_column width=&#8221;1\/3&#8243;]<div id=\"iconbox-69d0b45b2a8bb\" class=\"   \"><div class=\"icon-link\"><div class=\"relative mb0 text-center\"><i  class=\"ti-wallet   inline-block mb30 icon-text icon-lg\"><\/i><h5  class=\"widgettitle \">Konkurrenzf\u00e4hige Preise<\/h5><\/div><\/div><\/div>[\/vc_column][vc_column width=&#8221;1\/3&#8243;]<div id=\"iconbox-69d0b45b2a8eb\" class=\"   \"><div class=\"icon-link\"><div class=\"relative mb0 text-center\"><i  class=\"ti-face-smile   inline-block mb30 icon-text icon-lg\"><\/i><h5  class=\"widgettitle \">KUNDENORIENTIERTER SERVICE<\/h5><\/div><\/div><\/div>[\/vc_column][vc_column width=&#8221;1\/3&#8243;]<div id=\"iconbox-69d0b45b2a909\" class=\"   \"><div class=\"icon-link\"><div class=\"relative mb0 text-center\"><i  class=\"ti-check-box   inline-block mb30 icon-text icon-lg\"><\/i><h5  class=\"widgettitle \">Hochwertige und sichere Produkte<\/h5><\/div><\/div><\/div>[\/vc_column][\/vc_row]<\/p>\n<\/section>","protected":false},"excerpt":{"rendered":"<p>[vc_row full_width=&#8221;stretch_row&#8221; tlg_text_align=&#8221;text-center&#8221;][vc_column][\/vc_column][\/vc_row][vc_row disable_element=&#8221;yes&#8221; tlg_padding=&#8221;pb0&#8243;][vc_column][vc_column_text]Firmam\u0131zda \u00fcretilen t\u00fcm \u00fcr\u00fcnler uluslararas\u0131 kurulu\u015flarla sertifikaland\u0131r\u0131lm\u0131\u015f olup, yap\u0131lan kalite kontrol ve testler sonucu m\u00fc\u015fterilerimize en g\u00fcvenilir \u00fcr\u00fcn\u00fc en uygun fiyatlarla k\u0131sa s\u00fcrede teslim etmeyi misyon edindik.[\/vc_column_text][\/vc_column][\/vc_row][vc_row][vc_column width=&#8221;1\/2&#8243;][vc_column_text]Unsere Handelst\u00e4tigkeit, die in den 1930er Jahren in einem kleinen Laden als Familienunternehmen in Istanbul begann, setzt ihre Aktivit\u00e4ten einschlie\u00dflich der dritten Generation, in&#8230;<\/p>\n","protected":false},"author":1,"featured_media":0,"parent":0,"menu_order":0,"comment_status":"closed","ping_status":"closed","template":"","meta":{"footnotes":""},"class_list":["post-22","page","type-page","status-publish","hentry"],"_links":{"self":[{"href":"https:\/\/www.isapur.com\/de\/wp-json\/wp\/v2\/pages\/22","targetHints":{"allow":["GET"]}}],"collection":[{"href":"https:\/\/www.isapur.com\/de\/wp-json\/wp\/v2\/pages"}],"about":[{"href":"https:\/\/www.isapur.com\/de\/wp-json\/wp\/v2\/types\/page"}],"author":[{"embeddable":true,"href":"https:\/\/www.isapur.com\/de\/wp-json\/wp\/v2\/users\/1"}],"replies":[{"embeddable":true,"href":"https:\/\/www.isapur.com\/de\/wp-json\/wp\/v2\/comments?post=22"}],"version-history":[{"count":7,"href":"https:\/\/www.isapur.com\/de\/wp-json\/wp\/v2\/pages\/22\/revisions"}],"predecessor-version":[{"id":220,"href":"https:\/\/www.isapur.com\/de\/wp-json\/wp\/v2\/pages\/22\/revisions\/220"}],"wp:attachment":[{"href":"https:\/\/www.isapur.com\/de\/wp-json\/wp\/v2\/media?parent=22"}],"curies":[{"name":"wp","href":"https:\/\/api.w.org\/{rel}","templated":true}]}}